{"id":157,"date":"2025-05-26T21:20:44","date_gmt":"2025-05-26T21:20:44","guid":{"rendered":"https:\/\/blockplus.ir\/?post_type=product&#038;p=157"},"modified":"2025-12-21T22:38:25","modified_gmt":"2025-12-21T22:38:25","slug":"basalt-kubikpflaster","status":"publish","type":"product","link":"https:\/\/solidrock-co.com\/website\/product\/basalt-kubikpflaster\/","title":{"rendered":"Basalt Pflaster"},"content":{"rendered":"","protected":false},"excerpt":{"rendered":"<p><strong>Basalt-Kubikpflaster<\/strong><span> ist eine langlebige und widerstandsf\u00e4hige Wahl f\u00fcr Stadtpl\u00e4tze, Stra\u00dfen und Gehwege. Mit seiner klassischen \u00c4sthetik kombiniert es hohe Best\u00e4ndigkeit mit einem hochwertigen Erscheinungsbild.<\/span><\/p>\n<p><span>\u2705 <strong>Gr\u00f6\u00dfen:<\/strong><\/span><\/p>\n<ul>\n<li><span>10\u00d710\u00d710 cm<\/span><\/li>\n<li><span>10\u00d710\u00d75 cm<\/span><\/li>\n<\/ul>\n<p><span>\u2705 <strong>Varianten:<\/strong><\/span><\/p>\n<ul>\n<li><span><strong>Sechsseitig geschnitten<\/strong> (f\u00fcr eine gleichm\u00e4\u00dfige und pr\u00e4zise Optik)<\/span><\/li>\n<li><span><strong>Vierseitig geschnitten<\/strong> (mit nat\u00fcrlicher Oberfl\u00e4che auf zwei Seiten)<\/span><\/li>\n<li><span><strong>Unregelm\u00e4\u00dfig<\/strong> (f\u00fcr eine rustikale und organische Gestaltung)<\/span><\/li>\n<\/ul>\n","protected":false},"featured_media":549,"template":"","meta":[],"product_cat":[33,38],"product_tag":[],"class_list":["post-157","product","type-product","status-publish","has-post-thumbnail","hentry","product_cat-basalt","product_cat-landschaftsgestaltung"],"_links":{"self":[{"href":"https:\/\/solidrock-co.com\/website\/wp-json\/wp\/v2\/product\/157","targetHints":{"allow":["GET"]}}],"collection":[{"href":"https:\/\/solidrock-co.com\/website\/wp-json\/wp\/v2\/product"}],"about":[{"href":"https:\/\/solidrock-co.com\/website\/wp-json\/wp\/v2\/types\/product"}],"wp:featuredmedia":[{"embeddable":true,"href":"https:\/\/solidrock-co.com\/website\/wp-json\/wp\/v2\/media\/549"}],"wp:attachment":[{"href":"https:\/\/solidrock-co.com\/website\/wp-json\/wp\/v2\/media?parent=157"}],"wp:term":[{"taxonomy":"product_cat","embeddable":true,"href":"https:\/\/solidrock-co.com\/website\/wp-json\/wp\/v2\/product_cat?post=157"},{"taxonomy":"product_tag","embeddable":true,"href":"https:\/\/solidrock-co.com\/website\/wp-json\/wp\/v2\/product_tag?post=157"}],"curies":[{"name":"wp","href":"https:\/\/api.w.org\/{rel}","templated":true}]}}