{"id":564,"date":"2025-05-27T14:54:00","date_gmt":"2025-05-27T14:54:00","guid":{"rendered":"https:\/\/solidrock-co.com\/website\/?post_type=product&#038;p=564"},"modified":"2025-12-21T22:37:49","modified_gmt":"2025-12-21T22:37:49","slug":"granitpflaster","status":"publish","type":"product","link":"https:\/\/solidrock-co.com\/website\/product\/granitpflaster\/","title":{"rendered":"Granit Pflaster"},"content":{"rendered":"","protected":false},"excerpt":{"rendered":"<h3><strong>Kubisches Granitpflaster (Wei\u00df &amp; Schwarz)<\/strong><\/h3>\n<p><span><strong>Kubisches Granitpflaster in Wei\u00df und Schwarz<\/strong> ist eine der widerstandsf\u00e4higsten Optionen f\u00fcr Pflasterungen und Landschaftsgestaltung. Mit <strong>hoher Best\u00e4ndigkeit<\/strong> gegen Druck, Abrieb und Witterungseinfl\u00fcsse ist es die perfekte Wahl f\u00fcr <strong>hochfrequentierte Bereiche, Stra\u00dfen, Gehwege und urbane Pl\u00e4tze<\/strong>.<\/span><\/p>\n<p><span>\u2705 <strong>Gr\u00f6\u00dfen:<\/strong><\/span><\/p>\n<ul>\n<li><span>10\u00d710\u00d710 cm<\/span><\/li>\n<li><span>10\u00d710\u00d75 cm<\/span><\/li>\n<\/ul>\n<p><span>\u2705 <strong>Varianten:<\/strong><\/span><\/p>\n<ul>\n<li><span><strong>Sechsseitig geschnitten<\/strong> (Alle Fl\u00e4chen glatt und pr\u00e4zise bearbeitet)<\/span><\/li>\n<li><span><strong>Vierseitig geschnitten<\/strong> (Zwei nat\u00fcrliche Oberfl\u00e4chen, vier bearbeitete Seiten)<\/span><\/li>\n<li><span><strong>Unregelm\u00e4\u00dfig<\/strong> (F\u00fcr eine rustikale und naturbelassene Optik)<\/span><\/li>\n<\/ul>\n<p><span>\u2705 <strong>Eigenschaften:<\/strong><\/span><\/p>\n<ul>\n<li><span><strong>Wei\u00dfer Granit:<\/strong> Helle Grundfarbe mit grauen oder schwarzen Einsprenkelungen, ideal f\u00fcr moderne und klassische Designs<\/span><\/li>\n<li><span><strong>Schwarzer Granit:<\/strong> Dunkle, gl\u00e4nzende Oberfl\u00e4che mit wei\u00dfen oder grauen Maserungen, luxuri\u00f6s und strapazierf\u00e4hig<\/span><\/li>\n<\/ul>\n<p><span>Dank ihrer <strong>Langlebigkeit und hochwertigen \u00c4sthetik<\/strong> sind diese Steine eine erstklassige Wahl f\u00fcr <strong>architektonische und st\u00e4dtische Projekte<\/strong>.<\/span><\/p>\n","protected":false},"featured_media":566,"template":"","meta":[],"product_cat":[34,38],"product_tag":[],"class_list":["post-564","product","type-product","status-publish","has-post-thumbnail","hentry","product_cat-granit","product_cat-landschaftsgestaltung"],"_links":{"self":[{"href":"https:\/\/solidrock-co.com\/website\/wp-json\/wp\/v2\/product\/564","targetHints":{"allow":["GET"]}}],"collection":[{"href":"https:\/\/solidrock-co.com\/website\/wp-json\/wp\/v2\/product"}],"about":[{"href":"https:\/\/solidrock-co.com\/website\/wp-json\/wp\/v2\/types\/product"}],"wp:featuredmedia":[{"embeddable":true,"href":"https:\/\/solidrock-co.com\/website\/wp-json\/wp\/v2\/media\/566"}],"wp:attachment":[{"href":"https:\/\/solidrock-co.com\/website\/wp-json\/wp\/v2\/media?parent=564"}],"wp:term":[{"taxonomy":"product_cat","embeddable":true,"href":"https:\/\/solidrock-co.com\/website\/wp-json\/wp\/v2\/product_cat?post=564"},{"taxonomy":"product_tag","embeddable":true,"href":"https:\/\/solidrock-co.com\/website\/wp-json\/wp\/v2\/product_tag?post=564"}],"curies":[{"name":"wp","href":"https:\/\/api.w.org\/{rel}","templated":true}]}}