{"id":616,"date":"2025-05-27T15:17:36","date_gmt":"2025-05-27T15:17:36","guid":{"rendered":"https:\/\/solidrock-co.com\/website\/?post_type=product&#038;p=616"},"modified":"2025-12-21T22:34:16","modified_gmt":"2025-12-21T22:34:16","slug":"grune-marmorkiesel","status":"publish","type":"product","link":"https:\/\/solidrock-co.com\/website\/product\/grune-marmorkiesel\/","title":{"rendered":"Gr\u00fcne Kieselsteine"},"content":{"rendered":"","protected":false},"excerpt":{"rendered":"<p><span><strong>Gr\u00fcne Marmorkiesel \u2013 Nat\u00fcrliche Eleganz und au\u00dfergew\u00f6hnliche Best\u00e4ndigkeit<\/strong><\/span><\/p>\n<p>Gr\u00fcne Marmorkiesel aus Marmor mit glatter Oberfl\u00e4che und einzigartiger Farbgebung sind eine erstklassige Wahl f\u00fcr Landschaftsgestaltung, dekorative Wege, Wasserspiele und Gartenanlagen. Diese Steine bieten nicht nur eine nat\u00fcrliche \u00c4sthetik und gleichm\u00e4\u00dfige Struktur, sondern sind auch widerstandsf\u00e4hig gegen verschiedene Umweltbedingungen und lassen sich m\u00fchelos in unterschiedliche Designs integrieren.<\/p>\n<p>Dieses Produkt ist in verschiedenen Gr\u00f6\u00dfen auf Kundenwunsch erh\u00e4ltlich und wird in 25 kg, 50 kg und Big Bagsverpackt. Hohe Widerstandsf\u00e4higkeit, einfache Pflege und modernes Design machen es zu einer perfekten L\u00f6sung f\u00fcr stilvolle Umgebungen.<\/p>\n","protected":false},"featured_media":617,"template":"","meta":[],"product_cat":[38],"product_tag":[],"class_list":["post-616","product","type-product","status-publish","has-post-thumbnail","hentry","product_cat-landschaftsgestaltung"],"_links":{"self":[{"href":"https:\/\/solidrock-co.com\/website\/wp-json\/wp\/v2\/product\/616","targetHints":{"allow":["GET"]}}],"collection":[{"href":"https:\/\/solidrock-co.com\/website\/wp-json\/wp\/v2\/product"}],"about":[{"href":"https:\/\/solidrock-co.com\/website\/wp-json\/wp\/v2\/types\/product"}],"wp:featuredmedia":[{"embeddable":true,"href":"https:\/\/solidrock-co.com\/website\/wp-json\/wp\/v2\/media\/617"}],"wp:attachment":[{"href":"https:\/\/solidrock-co.com\/website\/wp-json\/wp\/v2\/media?parent=616"}],"wp:term":[{"taxonomy":"product_cat","embeddable":true,"href":"https:\/\/solidrock-co.com\/website\/wp-json\/wp\/v2\/product_cat?post=616"},{"taxonomy":"product_tag","embeddable":true,"href":"https:\/\/solidrock-co.com\/website\/wp-json\/wp\/v2\/product_tag?post=616"}],"curies":[{"name":"wp","href":"https:\/\/api.w.org\/{rel}","templated":true}]}}