{"id":624,"date":"2025-05-27T15:25:50","date_gmt":"2025-05-27T15:25:50","guid":{"rendered":"https:\/\/solidrock-co.com\/website\/?post_type=product&#038;p=624"},"modified":"2025-12-21T22:32:59","modified_gmt":"2025-12-21T22:32:59","slug":"rote-kiesel","status":"publish","type":"product","link":"https:\/\/solidrock-co.com\/website\/product\/rote-kiesel\/","title":{"rendered":"Rote kiesel"},"content":{"rendered":"","protected":false},"excerpt":{"rendered":"<p><span><strong>Rote Marmorkiesel und Travertinkiesel \u2013 Nat\u00fcrliche W\u00e4rme und au\u00dfergew\u00f6hnliche Best\u00e4ndigkeit<\/strong><\/span><\/p>\n<p>Rote Kieselsteine aus Marmor und Travertin mit glatter Oberfl\u00e4che und intensiver Farbgebung sind eine erstklassige Wahl f\u00fcr Landschaftsgestaltung, dekorative Wege, Wasserspiele und Gartenanlagen. Diese Steine bieten nicht nur eine nat\u00fcrliche \u00c4sthetik und gleichm\u00e4\u00dfige Struktur, sondern sind auch widerstandsf\u00e4hig gegen verschiedene Umweltbedingungen und lassen sich m\u00fchelos in unterschiedliche Designs integrieren.<\/p>\n<p>Dieses Produkt ist in verschiedenen Gr\u00f6\u00dfen auf Kundenwunsch erh\u00e4ltlich und wird in 25 kg, 50 kg und Big Bagsverpackt. Hohe Widerstandsf\u00e4higkeit, einfache Pflege und modernes Design machen es zu einer perfekten L\u00f6sung f\u00fcr stilvolle Umgebungen.<\/p>\n","protected":false},"featured_media":625,"template":"","meta":[],"product_cat":[38],"product_tag":[],"class_list":["post-624","product","type-product","status-publish","has-post-thumbnail","hentry","product_cat-landschaftsgestaltung"],"_links":{"self":[{"href":"https:\/\/solidrock-co.com\/website\/wp-json\/wp\/v2\/product\/624","targetHints":{"allow":["GET"]}}],"collection":[{"href":"https:\/\/solidrock-co.com\/website\/wp-json\/wp\/v2\/product"}],"about":[{"href":"https:\/\/solidrock-co.com\/website\/wp-json\/wp\/v2\/types\/product"}],"wp:featuredmedia":[{"embeddable":true,"href":"https:\/\/solidrock-co.com\/website\/wp-json\/wp\/v2\/media\/625"}],"wp:attachment":[{"href":"https:\/\/solidrock-co.com\/website\/wp-json\/wp\/v2\/media?parent=624"}],"wp:term":[{"taxonomy":"product_cat","embeddable":true,"href":"https:\/\/solidrock-co.com\/website\/wp-json\/wp\/v2\/product_cat?post=624"},{"taxonomy":"product_tag","embeddable":true,"href":"https:\/\/solidrock-co.com\/website\/wp-json\/wp\/v2\/product_tag?post=624"}],"curies":[{"name":"wp","href":"https:\/\/api.w.org\/{rel}","templated":true}]}}