{"id":816,"date":"2025-05-29T15:12:21","date_gmt":"2025-05-29T15:12:21","guid":{"rendered":"https:\/\/solidrock-co.com\/website\/?post_type=product&#038;p=816"},"modified":"2025-12-21T22:20:29","modified_gmt":"2025-12-21T22:20:29","slug":"mas-gesagte-platten","status":"publish","type":"product","link":"https:\/\/solidrock-co.com\/website\/product\/mas-gesagte-platten\/","title":{"rendered":"Ma\u00df ges\u00e4gte Platten"},"content":{"rendered":"","protected":false},"excerpt":{"rendered":"<p><span><strong>Ma\u00df ges\u00e4gte Platten,Pr\u00e4zise zugeschnittene Natursteinl\u00f6sungen f\u00fcr Boden und Wand<\/strong><\/span><\/p>\n<p><span>Unsere <strong>Ma\u00df ges\u00e4gten Platten<\/strong> sind die ideale Wahl f\u00fcr <strong>Bodenbel\u00e4ge und Wandverkleidungen<\/strong>, die h\u00f6chste Qualit\u00e4t und individuelle Anpassung erfordern. Gefertigt aus <strong>Granit, Marmor, Travertin, Schiefer und Onyx<\/strong>, bieten sie maximale Flexibilit\u00e4t in Gr\u00f6\u00dfe und Verarbeitung , exakt nach Kundenwunsch und Projektanforderungen.<\/span><\/p>\n<p><span>\u2705 <strong>Individuelle Gr\u00f6\u00dfen und Formen<\/strong> \u2013 ma\u00dfgeschneidert f\u00fcr jedes Bauvorhaben <\/span><\/p>\n<p><span>\u2705 <strong>Vielf\u00e4ltige Materialoptionen<\/strong> \u2013 Naturstein in verschiedenen Farben und Strukturen <\/span><\/p>\n<p><span>\u2705 <strong>Hochwertige Verarbeitung<\/strong> \u2013 verschiedene Oberfl\u00e4chenbearbeitungen wie <strong>poliert, geschliffen, geflammt, geb\u00fcrstet und sandgestrahlt<\/strong> <\/span><\/p>\n<p><span>\u2705 <strong>Ideal f\u00fcr Bodenbel\u00e4ge, Wandverkleidungen, Treppenstufen und Fassaden<\/strong><\/span><\/p>\n<p><span>Diese <strong>Ma\u00df ges\u00e4gten Platten<\/strong> sind perfekt f\u00fcr <strong>moderne und klassische Architekturprojekte<\/strong>, bei denen Pr\u00e4zision und \u00c4sthetik gefragt sind.<\/span><\/p>\n","protected":false},"featured_media":817,"template":"","meta":[],"product_cat":[33,39,34,36,37,35],"product_tag":[],"class_list":["post-816","product","type-product","status-publish","has-post-thumbnail","hentry","product_cat-basalt","product_cat-baustoffe","product_cat-granit","product_cat-marmor","product_cat-onyx","product_cat-travertin"],"_links":{"self":[{"href":"https:\/\/solidrock-co.com\/website\/wp-json\/wp\/v2\/product\/816","targetHints":{"allow":["GET"]}}],"collection":[{"href":"https:\/\/solidrock-co.com\/website\/wp-json\/wp\/v2\/product"}],"about":[{"href":"https:\/\/solidrock-co.com\/website\/wp-json\/wp\/v2\/types\/product"}],"wp:featuredmedia":[{"embeddable":true,"href":"https:\/\/solidrock-co.com\/website\/wp-json\/wp\/v2\/media\/817"}],"wp:attachment":[{"href":"https:\/\/solidrock-co.com\/website\/wp-json\/wp\/v2\/media?parent=816"}],"wp:term":[{"taxonomy":"product_cat","embeddable":true,"href":"https:\/\/solidrock-co.com\/website\/wp-json\/wp\/v2\/product_cat?post=816"},{"taxonomy":"product_tag","embeddable":true,"href":"https:\/\/solidrock-co.com\/website\/wp-json\/wp\/v2\/product_tag?post=816"}],"curies":[{"name":"wp","href":"https:\/\/api.w.org\/{rel}","templated":true}]}}